{"id":2769,"date":"2023-07-12T08:53:42","date_gmt":"2023-07-12T06:53:42","guid":{"rendered":"http:\/\/194.99.20.79:8981\/?page_id=2769"},"modified":"2023-07-24T13:19:05","modified_gmt":"2023-07-24T11:19:05","slug":"drogowe-stacje-meteorologiczne","status":"publish","type":"page","link":"https:\/\/www.traxelektronik.pl\/site\/oferta\/drogowe-stacje-meteorologiczne\/","title":{"rendered":"Drogowe stacje meteorologiczne"},"content":{"rendered":"\t\t<div data-elementor-type=\"wp-page\" data-elementor-id=\"2769\" class=\"elementor elementor-2769\">\n\t\t\t\t\t\t<section class=\"elementor-section elementor-top-section elementor-element elementor-element-def8780 elementor-section-boxed elementor-section-height-default elementor-section-height-default\" data-id=\"def8780\" data-element_type=\"section\" data-e-type=\"section\">\n\t\t\t\t\t\t<div class=\"elementor-container elementor-column-gap-default\">\n\t\t\t\t\t<div class=\"elementor-column elementor-col-100 elementor-top-column elementor-element elementor-element-b04e637\" data-id=\"b04e637\" data-element_type=\"column\" data-e-type=\"column\">\n\t\t\t<div class=\"elementor-widget-wrap elementor-element-populated\">\n\t\t\t\t\t\t<section class=\"elementor-section elementor-inner-section elementor-element elementor-element-e54cabc elementor-section-boxed elementor-section-height-default elementor-section-height-default\" data-id=\"e54cabc\" data-element_type=\"section\" data-e-type=\"section\">\n\t\t\t\t\t\t<div class=\"elementor-container elementor-column-gap-default\">\n\t\t\t\t\t<div class=\"elementor-column elementor-col-50 elementor-inner-column elementor-element elementor-element-972dab2\" data-id=\"972dab2\" data-element_type=\"column\" data-e-type=\"column\">\n\t\t\t<div class=\"elementor-widget-wrap elementor-element-populated\">\n\t\t\t\t\t\t<div class=\"elementor-element elementor-element-d460b6f elementor-widget elementor-widget-image\" data-id=\"d460b6f\" data-element_type=\"widget\" data-e-type=\"widget\" data-widget_type=\"image.default\">\n\t\t\t\t<div class=\"elementor-widget-container\">\n\t\t\t\t\t\t\t\t\t\t\t\t\t\t\t<img decoding=\"async\" src=\"https:\/\/www.traxelektronik.pl\/site\/wp-content\/uploads\/elementor\/thumbs\/20140828_191047-scaled-qa10b78e1hkvfrkzb0lvv93o4zyj8v7wy9l5i2hdia.jpg\" title=\"20140828_191047\" alt=\"20140828_191047\" loading=\"lazy\" \/>\t\t\t\t\t\t\t\t\t\t\t\t\t\t\t<\/div>\n\t\t\t\t<\/div>\n\t\t\t\t\t<\/div>\n\t\t<\/div>\n\t\t\t\t<div class=\"elementor-column elementor-col-50 elementor-inner-column elementor-element elementor-element-cfb0842\" data-id=\"cfb0842\" data-element_type=\"column\" data-e-type=\"column\">\n\t\t\t<div class=\"elementor-widget-wrap elementor-element-populated\">\n\t\t\t\t\t\t<div class=\"elementor-element elementor-element-267818a elementor-widget elementor-widget-ucaddon_list_offer\" data-id=\"267818a\" data-element_type=\"widget\" data-e-type=\"widget\" data-widget_type=\"ucaddon_list_offer.default\">\n\t\t\t\t<div class=\"elementor-widget-container\">\n\t\t\t\t\t\n<!-- start List - oferta -->\n\t\t<link id='font-awesome-css' href='https:\/\/www.traxelektronik.pl\/site\/wp-content\/plugins\/unlimited-elements-for-elementor\/assets_libraries\/font-awesome6\/fontawesome-all.min.css' type='text\/css' rel='stylesheet' >\n\t\t<link id='font-awesome-4-shim-css' href='https:\/\/www.traxelektronik.pl\/site\/wp-content\/plugins\/unlimited-elements-for-elementor\/assets_libraries\/font-awesome6\/fontawesome-v4-shims.min.css' type='text\/css' rel='stylesheet' >\n\n<style>\/* widget: List - oferta *\/\n\n\n\n#uc_list_offer_elementor_267818a{\n  display:grid;\n}\n\n#uc_list_offer_elementor_267818a .ue-list-item\n{\n  display:flex;\n}\n\n\n#uc_list_offer_elementor_267818a .ue-list-item-image img\n{\n  max-width:100%;\n}\n#uc_list_offer_elementor_267818a .ue-list-item-text *{\n  margin-bottom:0px;\n}\n\n#uc_list_offer_elementor_267818a .ue-list-item-index\n{\n  flex-grow:0;\n  flex-shrink:0;\n  display:flex;\n  align-items:center;\n  justify-content:center;\n  line-height:1em;\n}\n\n#uc_list_offer_elementor_267818a .ue-list-item-index svg\n{\n  height:1em;\n  width:1em;\n}\n\n#uc_list_offer_elementor_267818a .ue-list-item-content\n{\n  flex-grow:1;\n  display: flex;\n  justify-content: space-between;\n}\n#uc_list_offer_elementor_267818a .ue-list-item .ue-list-item-text\n{\n  width: 69%;\n}\n#uc_list_offer_elementor_267818a .ue-list-item h3\n{\n  width: 30%;\n}\n#uc_list_offer_elementor_267818a .ue-list-item hr\n{\n  width: 100%;\n}\n#uc_list_offer_elementor_267818a .ue-list-item-content p\n{\n  margin: 0;\n}\n\n<\/style>\n\n<div id=\"uc_list_offer_elementor_267818a\" class=\"ue-list uc-items-wrapper  \"  >\n  <div class=\"ue-list-item elementor-repeater-item-16f8d58\">\n  \n  <div class=\"ue-list-item-content\">\n      <h3 class=\"ue-list-item-title\">ASPG<\/h3>\n          <div class=\"ue-list-item-text\"><p>Zesp\u00f3\u0142 wyspecjalizowanych urz\u0105dze\u0144, kt\u00f3rych zadaniem jest pomiar i rejestracja parametr\u00f3w meteorologicznych<\/p><\/div>\n      <\/div>\n  <hr>\n<\/div>\n<div class=\"ue-list-item elementor-repeater-item-523a988\">\n  \n  <div class=\"ue-list-item-content\">\n      <h3 class=\"ue-list-item-title\">Wymiary<\/h3>\n          <div class=\"ue-list-item-text\"><p>W zale\u017cno\u015bci od ilo\u015bci czujnik\u00f3w<\/p><\/div>\n      <\/div>\n  <hr>\n<\/div>\n<div class=\"ue-list-item elementor-repeater-item-7e9e391\">\n  \n  <div class=\"ue-list-item-content\">\n      <h3 class=\"ue-list-item-title\">Opcje dodatkowe<\/h3>\n          <div class=\"ue-list-item-text\"><p>Czujniki\/ sensory w zale\u017cno\u015bci od konfiguracji<\/p><\/div>\n      <\/div>\n  <hr>\n<\/div>\n\n  \n<\/div>\n<!-- end List - oferta -->\t\t\t\t<\/div>\n\t\t\t\t<\/div>\n\t\t\t\t\t<\/div>\n\t\t<\/div>\n\t\t\t\t\t<\/div>\n\t\t<\/section>\n\t\t\t\t<section class=\"elementor-section elementor-inner-section elementor-element elementor-element-65e39fb elementor-section-boxed elementor-section-height-default elementor-section-height-default\" data-id=\"65e39fb\" data-element_type=\"section\" data-e-type=\"section\">\n\t\t\t\t\t\t<div class=\"elementor-container elementor-column-gap-default\">\n\t\t\t\t\t<div class=\"elementor-column elementor-col-100 elementor-inner-column elementor-element elementor-element-92f25e9\" data-id=\"92f25e9\" data-element_type=\"column\" data-e-type=\"column\">\n\t\t\t<div class=\"elementor-widget-wrap elementor-element-populated\">\n\t\t\t\t\t\t<div class=\"elementor-element elementor-element-c42d0b4 offer-tabs elementor-tabs-view-horizontal elementor-widget elementor-widget-tabs\" data-id=\"c42d0b4\" data-element_type=\"widget\" data-e-type=\"widget\" data-widget_type=\"tabs.default\">\n\t\t\t\t<div class=\"elementor-widget-container\">\n\t\t\t\t\t\t\t<div class=\"elementor-tabs\">\n\t\t\t<div class=\"elementor-tabs-wrapper\" role=\"tablist\" >\n\t\t\t\t\t\t\t\t\t<div id=\"elementor-tab-title-2051\" class=\"elementor-tab-title elementor-tab-desktop-title\" aria-selected=\"true\" data-tab=\"1\" role=\"tab\" tabindex=\"0\" aria-controls=\"elementor-tab-content-2051\" aria-expanded=\"false\">PARAMETRY POMIAROWE<\/div>\n\t\t\t\t\t\t\t<\/div>\n\t\t\t<div class=\"elementor-tabs-content-wrapper\" role=\"tablist\" aria-orientation=\"vertical\">\n\t\t\t\t\t\t\t\t\t<div class=\"elementor-tab-title elementor-tab-mobile-title\" aria-selected=\"true\" data-tab=\"1\" role=\"tab\" tabindex=\"0\" aria-controls=\"elementor-tab-content-2051\" aria-expanded=\"false\">PARAMETRY POMIAROWE<\/div>\n\t\t\t\t\t<div id=\"elementor-tab-content-2051\" class=\"elementor-tab-content elementor-clearfix\" data-tab=\"1\" role=\"tabpanel\" aria-labelledby=\"elementor-tab-title-2051\" tabindex=\"0\" hidden=\"false\"><p><strong>Drogow\u0105 stacj\u0119 meteorologiczn\u0105 mo\u017cna wyposa\u017cy\u0107 w dowolny zestaw czujnik\u00f3w pomiarowych takich jak:<br \/><\/strong><\/p><ul><li>temperatura i wilgotno\u015b\u0107 powietrza<\/li><li>temperatura nawierzchni<\/li><li>temperatura gruntu pod nawierzchni\u0105<\/li><li>pr\u0119dko\u015b\u0107 i kierunek wiatru<\/li><li>intensywno\u015b\u0107 i rodzaj opadu atmosferycznego<\/li><li>widzialno\u015b\u0107<\/li><li>grubo\u015b\u0107 warstwy wody i lodu<\/li><li>stan nawierzchni<\/li><li>poziom wody<\/li><\/ul><\/div>\n\t\t\t\t\t\t\t<\/div>\n\t\t<\/div>\n\t\t\t\t\t\t<\/div>\n\t\t\t\t<\/div>\n\t\t\t\t\t<\/div>\n\t\t<\/div>\n\t\t\t\t\t<\/div>\n\t\t<\/section>\n\t\t\t\t\t<\/div>\n\t\t<\/div>\n\t\t\t\t\t<\/div>\n\t\t<\/section>\n\t\t\t\t<\/div>\n\t\t","protected":false},"excerpt":{"rendered":"<p>ASPG Zesp\u00f3\u0142 wyspecjalizowanych urz\u0105dze\u0144, kt\u00f3rych zadaniem jest pomiar i rejestracja parametr\u00f3w meteorologicznych Wymiary W zale\u017cno\u015bci od ilo\u015bci czujnik\u00f3w Opcje dodatkowe Czujniki\/ sensory w zale\u017cno\u015bci od konfiguracji PARAMETRY POMIAROWE PARAMETRY POMIAROWE Drogow\u0105 stacj\u0119 meteorologiczn\u0105 mo\u017cna wyposa\u017cy\u0107 w dowolny zestaw czujnik\u00f3w pomiarowych takich jak: temperatura i wilgotno\u015b\u0107 powietrza temperatura nawierzchni temperatura gruntu pod nawierzchni\u0105 pr\u0119dko\u015b\u0107 i kierunek&#8230;<\/p>\n","protected":false},"author":1,"featured_media":0,"parent":1314,"menu_order":0,"comment_status":"closed","ping_status":"closed","template":"offer_page_template.php","meta":{"_acf_changed":false,"_kad_post_transparent":"default","_kad_post_title":"default","_kad_post_layout":"default","_kad_post_sidebar_id":"","_kad_post_content_style":"","_kad_post_vertical_padding":"","_kad_post_feature":"","_kad_post_feature_position":"","_kad_post_header":false,"_kad_post_footer":false,"_kad_post_classname":"","footnotes":""},"class_list":["post-2769","page","type-page","status-publish","hentry"],"acf":[],"_links":{"self":[{"href":"https:\/\/www.traxelektronik.pl\/site\/wp-json\/wp\/v2\/pages\/2769","targetHints":{"allow":["GET"]}}],"collection":[{"href":"https:\/\/www.traxelektronik.pl\/site\/wp-json\/wp\/v2\/pages"}],"about":[{"href":"https:\/\/www.traxelektronik.pl\/site\/wp-json\/wp\/v2\/types\/page"}],"author":[{"embeddable":true,"href":"https:\/\/www.traxelektronik.pl\/site\/wp-json\/wp\/v2\/users\/1"}],"replies":[{"embeddable":true,"href":"https:\/\/www.traxelektronik.pl\/site\/wp-json\/wp\/v2\/comments?post=2769"}],"version-history":[{"count":19,"href":"https:\/\/www.traxelektronik.pl\/site\/wp-json\/wp\/v2\/pages\/2769\/revisions"}],"predecessor-version":[{"id":3070,"href":"https:\/\/www.traxelektronik.pl\/site\/wp-json\/wp\/v2\/pages\/2769\/revisions\/3070"}],"up":[{"embeddable":true,"href":"https:\/\/www.traxelektronik.pl\/site\/wp-json\/wp\/v2\/pages\/1314"}],"wp:attachment":[{"href":"https:\/\/www.traxelektronik.pl\/site\/wp-json\/wp\/v2\/media?parent=2769"}],"curies":[{"name":"wp","href":"https:\/\/api.w.org\/{rel}","templated":true}]}}