{"id":2749,"date":"2023-07-12T08:49:50","date_gmt":"2023-07-12T06:49:50","guid":{"rendered":"http:\/\/194.99.20.79:8981\/?page_id=2749"},"modified":"2023-07-24T13:13:11","modified_gmt":"2023-07-24T11:13:11","slug":"kierunek-wiatru","status":"publish","type":"page","link":"https:\/\/www.traxelektronik.pl\/site\/oferta\/kierunek-wiatru\/","title":{"rendered":"Kierunek wiatru"},"content":{"rendered":"\t\t<div data-elementor-type=\"wp-page\" data-elementor-id=\"2749\" class=\"elementor elementor-2749\">\n\t\t\t\t\t\t<section class=\"elementor-section elementor-top-section elementor-element elementor-element-def8780 elementor-section-boxed elementor-section-height-default elementor-section-height-default\" data-id=\"def8780\" data-element_type=\"section\" data-e-type=\"section\">\n\t\t\t\t\t\t<div class=\"elementor-container elementor-column-gap-default\">\n\t\t\t\t\t<div class=\"elementor-column elementor-col-100 elementor-top-column elementor-element elementor-element-b04e637\" data-id=\"b04e637\" data-element_type=\"column\" data-e-type=\"column\">\n\t\t\t<div class=\"elementor-widget-wrap elementor-element-populated\">\n\t\t\t\t\t\t<section class=\"elementor-section elementor-inner-section elementor-element elementor-element-e54cabc elementor-section-boxed elementor-section-height-default elementor-section-height-default\" data-id=\"e54cabc\" data-element_type=\"section\" data-e-type=\"section\">\n\t\t\t\t\t\t<div class=\"elementor-container elementor-column-gap-default\">\n\t\t\t\t\t<div class=\"elementor-column elementor-col-50 elementor-inner-column elementor-element elementor-element-972dab2\" data-id=\"972dab2\" data-element_type=\"column\" data-e-type=\"column\">\n\t\t\t<div class=\"elementor-widget-wrap elementor-element-populated\">\n\t\t\t\t\t\t<div class=\"elementor-element elementor-element-d460b6f elementor-widget elementor-widget-image\" data-id=\"d460b6f\" data-element_type=\"widget\" data-e-type=\"widget\" data-widget_type=\"image.default\">\n\t\t\t\t<div class=\"elementor-widget-container\">\n\t\t\t\t\t\t\t\t\t\t\t\t\t\t\t<img decoding=\"async\" src=\"https:\/\/www.traxelektronik.pl\/site\/wp-content\/uploads\/elementor\/thumbs\/4J1A6068-Edytuj-qa10bm9t2u5gliz4v73wz5b1n5weo0vmcc0x6hv2vq.jpg\" title=\"4J1A6068-Edytuj\" alt=\"4J1A6068-Edytuj\" loading=\"lazy\" \/>\t\t\t\t\t\t\t\t\t\t\t\t\t\t\t<\/div>\n\t\t\t\t<\/div>\n\t\t\t\t\t<\/div>\n\t\t<\/div>\n\t\t\t\t<div class=\"elementor-column elementor-col-50 elementor-inner-column elementor-element elementor-element-cfb0842\" data-id=\"cfb0842\" data-element_type=\"column\" data-e-type=\"column\">\n\t\t\t<div class=\"elementor-widget-wrap elementor-element-populated\">\n\t\t\t\t\t\t<div class=\"elementor-element elementor-element-267818a elementor-widget elementor-widget-ucaddon_list_offer\" data-id=\"267818a\" data-element_type=\"widget\" data-e-type=\"widget\" data-widget_type=\"ucaddon_list_offer.default\">\n\t\t\t\t<div class=\"elementor-widget-container\">\n\t\t\t\t\t\n<!-- start List - oferta -->\n\t\t<link id='font-awesome-css' href='https:\/\/www.traxelektronik.pl\/site\/wp-content\/plugins\/unlimited-elements-for-elementor\/assets_libraries\/font-awesome6\/fontawesome-all.min.css' type='text\/css' rel='stylesheet' >\n\t\t<link id='font-awesome-4-shim-css' href='https:\/\/www.traxelektronik.pl\/site\/wp-content\/plugins\/unlimited-elements-for-elementor\/assets_libraries\/font-awesome6\/fontawesome-v4-shims.min.css' type='text\/css' rel='stylesheet' >\n\n<style>\/* widget: List - oferta *\/\n\n\n\n#uc_list_offer_elementor_267818a{\n  display:grid;\n}\n\n#uc_list_offer_elementor_267818a .ue-list-item\n{\n  display:flex;\n}\n\n\n#uc_list_offer_elementor_267818a .ue-list-item-image img\n{\n  max-width:100%;\n}\n#uc_list_offer_elementor_267818a .ue-list-item-text *{\n  margin-bottom:0px;\n}\n\n#uc_list_offer_elementor_267818a .ue-list-item-index\n{\n  flex-grow:0;\n  flex-shrink:0;\n  display:flex;\n  align-items:center;\n  justify-content:center;\n  line-height:1em;\n}\n\n#uc_list_offer_elementor_267818a .ue-list-item-index svg\n{\n  height:1em;\n  width:1em;\n}\n\n#uc_list_offer_elementor_267818a .ue-list-item-content\n{\n  flex-grow:1;\n  display: flex;\n  justify-content: space-between;\n}\n#uc_list_offer_elementor_267818a .ue-list-item .ue-list-item-text\n{\n  width: 69%;\n}\n#uc_list_offer_elementor_267818a .ue-list-item h3\n{\n  width: 30%;\n}\n#uc_list_offer_elementor_267818a .ue-list-item hr\n{\n  width: 100%;\n}\n#uc_list_offer_elementor_267818a .ue-list-item-content p\n{\n  margin: 0;\n}\n\n<\/style>\n\n<div id=\"uc_list_offer_elementor_267818a\" class=\"ue-list uc-items-wrapper  \"  >\n  <div class=\"ue-list-item elementor-repeater-item-16f8d58\">\n  \n  <div class=\"ue-list-item-content\">\n      <h3 class=\"ue-list-item-title\">KRW 1.1<\/h3>\n          <div class=\"ue-list-item-text\"><p>Elektroniczny czujnik przeznaczony do pomiaru kierunku przemieszczania si\u0119 mas powietrza<\/p><\/div>\n      <\/div>\n  <hr>\n<\/div>\n<div class=\"ue-list-item elementor-repeater-item-523a988\">\n  \n  <div class=\"ue-list-item-content\">\n      <h3 class=\"ue-list-item-title\">Wymiary<\/h3>\n          <div class=\"ue-list-item-text\"><p>Wysoko\u015b\u0107: 280 mm, \u015arednica obudowy: 60 mm, D\u0142ugo\u015b\u0107 lotki: 450 mm<\/p><\/div>\n      <\/div>\n  <hr>\n<\/div>\n\n  \n<\/div>\n<!-- end List - oferta -->\t\t\t\t<\/div>\n\t\t\t\t<\/div>\n\t\t\t\t\t<\/div>\n\t\t<\/div>\n\t\t\t\t\t<\/div>\n\t\t<\/section>\n\t\t\t\t<section class=\"elementor-section elementor-inner-section elementor-element elementor-element-65e39fb elementor-section-boxed elementor-section-height-default elementor-section-height-default\" data-id=\"65e39fb\" data-element_type=\"section\" data-e-type=\"section\">\n\t\t\t\t\t\t<div class=\"elementor-container elementor-column-gap-default\">\n\t\t\t\t\t<div class=\"elementor-column elementor-col-100 elementor-inner-column elementor-element elementor-element-92f25e9\" data-id=\"92f25e9\" data-element_type=\"column\" data-e-type=\"column\">\n\t\t\t<div class=\"elementor-widget-wrap elementor-element-populated\">\n\t\t\t\t\t\t<div class=\"elementor-element elementor-element-c42d0b4 offer-tabs elementor-tabs-view-horizontal elementor-widget elementor-widget-tabs\" data-id=\"c42d0b4\" data-element_type=\"widget\" data-e-type=\"widget\" data-widget_type=\"tabs.default\">\n\t\t\t\t<div class=\"elementor-widget-container\">\n\t\t\t\t\t\t\t<div class=\"elementor-tabs\">\n\t\t\t<div class=\"elementor-tabs-wrapper\" role=\"tablist\" >\n\t\t\t\t\t\t\t\t\t<div id=\"elementor-tab-title-2051\" class=\"elementor-tab-title elementor-tab-desktop-title\" aria-selected=\"true\" data-tab=\"1\" role=\"tab\" tabindex=\"0\" aria-controls=\"elementor-tab-content-2051\" aria-expanded=\"false\">PARAMETRY POMIAROWE<\/div>\n\t\t\t\t\t\t\t\t\t<div id=\"elementor-tab-title-2052\" class=\"elementor-tab-title elementor-tab-desktop-title\" aria-selected=\"false\" data-tab=\"2\" role=\"tab\" tabindex=\"-1\" aria-controls=\"elementor-tab-content-2052\" aria-expanded=\"false\">POZOSTA\u0141E PARAMETRY<\/div>\n\t\t\t\t\t\t\t<\/div>\n\t\t\t<div class=\"elementor-tabs-content-wrapper\" role=\"tablist\" aria-orientation=\"vertical\">\n\t\t\t\t\t\t\t\t\t<div class=\"elementor-tab-title elementor-tab-mobile-title\" aria-selected=\"true\" data-tab=\"1\" role=\"tab\" tabindex=\"0\" aria-controls=\"elementor-tab-content-2051\" aria-expanded=\"false\">PARAMETRY POMIAROWE<\/div>\n\t\t\t\t\t<div id=\"elementor-tab-content-2051\" class=\"elementor-tab-content elementor-clearfix\" data-tab=\"1\" role=\"tabpanel\" aria-labelledby=\"elementor-tab-title-2051\" tabindex=\"0\" hidden=\"false\"><p><strong>Zakres pomiarowy:<\/strong> 0-360<br \/><strong>Sygna\u0142 wyj\u015bciowy: <\/strong>cyfrowy: RS485, r\u00f3wnoleg\u0142y: 6-bitowy Grey&#8217;a<\/p><\/div>\n\t\t\t\t\t\t\t\t\t<div class=\"elementor-tab-title elementor-tab-mobile-title\" aria-selected=\"false\" data-tab=\"2\" role=\"tab\" tabindex=\"-1\" aria-controls=\"elementor-tab-content-2052\" aria-expanded=\"false\">POZOSTA\u0141E PARAMETRY<\/div>\n\t\t\t\t\t<div id=\"elementor-tab-content-2052\" class=\"elementor-tab-content elementor-clearfix\" data-tab=\"2\" role=\"tabpanel\" aria-labelledby=\"elementor-tab-title-2052\" tabindex=\"0\" hidden=\"hidden\"><p><strong>Napi\u0119cie zasilania: <\/strong>8-16 V DC<strong><br \/>Temperatura pracy: <\/strong>&#8211; 40 C &#8211; 70C<strong><br \/>Masa: <\/strong>600 g<strong><br \/>Materia\u0142: <\/strong>aluminium anodowane<br \/><strong>Spos\u00f3b mocowania:<\/strong> trzpie\u0144 o \u015brednicy 22 mm<\/p><\/div>\n\t\t\t\t\t\t\t<\/div>\n\t\t<\/div>\n\t\t\t\t\t\t<\/div>\n\t\t\t\t<\/div>\n\t\t\t\t\t<\/div>\n\t\t<\/div>\n\t\t\t\t\t<\/div>\n\t\t<\/section>\n\t\t\t\t\t<\/div>\n\t\t<\/div>\n\t\t\t\t\t<\/div>\n\t\t<\/section>\n\t\t\t\t<\/div>\n\t\t","protected":false},"excerpt":{"rendered":"<p>KRW 1.1 Elektroniczny czujnik przeznaczony do pomiaru kierunku przemieszczania si\u0119 mas powietrza Wymiary Wysoko\u015b\u0107: 280 mm, \u015arednica obudowy: 60 mm, D\u0142ugo\u015b\u0107 lotki: 450 mm PARAMETRY POMIAROWE POZOSTA\u0141E PARAMETRY PARAMETRY POMIAROWE Zakres pomiarowy: 0-360Sygna\u0142 wyj\u015bciowy: cyfrowy: RS485, r\u00f3wnoleg\u0142y: 6-bitowy Grey&#8217;a POZOSTA\u0141E PARAMETRY Napi\u0119cie zasilania: 8-16 V DCTemperatura pracy: &#8211; 40 C &#8211; 70CMasa: 600 gMateria\u0142: aluminium&#8230;<\/p>\n","protected":false},"author":1,"featured_media":0,"parent":1314,"menu_order":0,"comment_status":"closed","ping_status":"closed","template":"offer_page_template.php","meta":{"_acf_changed":false,"_kad_post_transparent":"default","_kad_post_title":"default","_kad_post_layout":"default","_kad_post_sidebar_id":"","_kad_post_content_style":"","_kad_post_vertical_padding":"","_kad_post_feature":"","_kad_post_feature_position":"","_kad_post_header":false,"_kad_post_footer":false,"_kad_post_classname":"","footnotes":""},"class_list":["post-2749","page","type-page","status-publish","hentry"],"acf":[],"_links":{"self":[{"href":"https:\/\/www.traxelektronik.pl\/site\/wp-json\/wp\/v2\/pages\/2749","targetHints":{"allow":["GET"]}}],"collection":[{"href":"https:\/\/www.traxelektronik.pl\/site\/wp-json\/wp\/v2\/pages"}],"about":[{"href":"https:\/\/www.traxelektronik.pl\/site\/wp-json\/wp\/v2\/types\/page"}],"author":[{"embeddable":true,"href":"https:\/\/www.traxelektronik.pl\/site\/wp-json\/wp\/v2\/users\/1"}],"replies":[{"embeddable":true,"href":"https:\/\/www.traxelektronik.pl\/site\/wp-json\/wp\/v2\/comments?post=2749"}],"version-history":[{"count":12,"href":"https:\/\/www.traxelektronik.pl\/site\/wp-json\/wp\/v2\/pages\/2749\/revisions"}],"predecessor-version":[{"id":3058,"href":"https:\/\/www.traxelektronik.pl\/site\/wp-json\/wp\/v2\/pages\/2749\/revisions\/3058"}],"up":[{"embeddable":true,"href":"https:\/\/www.traxelektronik.pl\/site\/wp-json\/wp\/v2\/pages\/1314"}],"wp:attachment":[{"href":"https:\/\/www.traxelektronik.pl\/site\/wp-json\/wp\/v2\/media?parent=2749"}],"curies":[{"name":"wp","href":"https:\/\/api.w.org\/{rel}","templated":true}]}}