{"id":2649,"date":"2023-06-15T12:53:44","date_gmt":"2023-06-15T10:53:44","guid":{"rendered":"http:\/\/194.99.20.79:8981\/?page_id=2649"},"modified":"2023-06-15T12:59:13","modified_gmt":"2023-06-15T10:59:13","slug":"mapa-strony","status":"publish","type":"page","link":"https:\/\/www.traxelektronik.pl\/site\/mapa-strony\/","title":{"rendered":"Mapa strony"},"content":{"rendered":"\t\t<div data-elementor-type=\"wp-page\" data-elementor-id=\"2649\" class=\"elementor elementor-2649\">\n\t\t\t\t\t\t<section class=\"elementor-section elementor-top-section elementor-element elementor-element-e5ec565 elementor-section-boxed elementor-section-height-default elementor-section-height-default\" data-id=\"e5ec565\" data-element_type=\"section\" data-e-type=\"section\" data-settings=\"{&quot;background_background&quot;:&quot;classic&quot;}\">\n\t\t\t\t\t\t<div class=\"elementor-container elementor-column-gap-default\">\n\t\t\t\t\t<div class=\"elementor-column elementor-col-100 elementor-top-column elementor-element elementor-element-271f99d\" data-id=\"271f99d\" data-element_type=\"column\" data-e-type=\"column\">\n\t\t\t<div class=\"elementor-widget-wrap elementor-element-populated\">\n\t\t\t\t\t\t<div class=\"elementor-element elementor-element-66a4026 elementor-widget elementor-widget-heading\" data-id=\"66a4026\" data-element_type=\"widget\" data-e-type=\"widget\" data-widget_type=\"heading.default\">\n\t\t\t\t<div class=\"elementor-widget-container\">\n\t\t\t\t\t<h1 class=\"elementor-heading-title elementor-size-default\">Mapa strony<\/h1>\t\t\t\t<\/div>\n\t\t\t\t<\/div>\n\t\t\t\t\t<\/div>\n\t\t<\/div>\n\t\t\t\t\t<\/div>\n\t\t<\/section>\n\t\t\t\t<section class=\"elementor-section elementor-top-section elementor-element elementor-element-1288343 elementor-section-boxed elementor-section-height-default elementor-section-height-default\" data-id=\"1288343\" data-element_type=\"section\" data-e-type=\"section\">\n\t\t\t\t\t\t<div class=\"elementor-container elementor-column-gap-default\">\n\t\t\t\t\t<div class=\"elementor-column elementor-col-100 elementor-top-column elementor-element elementor-element-88d09b0\" data-id=\"88d09b0\" data-element_type=\"column\" data-e-type=\"column\">\n\t\t\t<div class=\"elementor-widget-wrap elementor-element-populated\">\n\t\t\t\t\t\t<div class=\"elementor-element elementor-element-4be5b23 elementor-widget elementor-widget-shortcode\" data-id=\"4be5b23\" data-element_type=\"widget\" data-e-type=\"widget\" data-widget_type=\"shortcode.default\">\n\t\t\t\t<div class=\"elementor-widget-container\">\n\t\t\t\t\t\t\t<div class=\"elementor-shortcode\">\t\t\t<!-- Flexy Breadcrumb -->\r\n\t\t\t<div class=\"fbc fbc-page\">\r\n\r\n\t\t\t\t<!-- Breadcrumb wrapper -->\r\n\t\t\t\t<div class=\"fbc-wrap\">\r\n\r\n\t\t\t\t\t<!-- Ordered list-->\r\n\t\t\t\t\t<ol class=\"fbc-items\" itemscope itemtype=\"https:\/\/schema.org\/BreadcrumbList\">\r\n\t\t\t\t\t\t            <li itemprop=\"itemListElement\" itemscope itemtype=\"https:\/\/schema.org\/ListItem\">\r\n                <span itemprop=\"name\">\r\n                    <!-- Home Link -->\r\n                    <a itemprop=\"item\" href=\"https:\/\/www.traxelektronik.pl\/site\">\r\n                    \r\n                                                    <i class=\"fa fa-home\" aria-hidden=\"true\"><\/i>                    <\/a>\r\n                <\/span>\r\n                <meta itemprop=\"position\" content=\"1\" \/><!-- Meta Position-->\r\n             <\/li><li><span class=\"fbc-separator\">\/<\/span><\/li><li class=\"active\" itemprop=\"itemListElement\" itemscope itemtype=\"https:\/\/schema.org\/ListItem\"><span itemprop=\"name\" title=\"Mapa strony\">Mapa strony<\/span><meta itemprop=\"position\" content=\"2\" \/><\/li>\t\t\t\t\t<\/ol>\r\n\t\t\t\t\t<div class=\"clearfix\"><\/div>\r\n\t\t\t\t<\/div>\r\n\t\t\t<\/div>\r\n\t\t\t<\/div>\n\t\t\t\t\t\t<\/div>\n\t\t\t\t<\/div>\n\t\t\t\t\t<\/div>\n\t\t<\/div>\n\t\t\t\t\t<\/div>\n\t\t<\/section>\n\t\t\t\t<section class=\"elementor-section elementor-top-section elementor-element elementor-element-77dfea4 elementor-section-boxed elementor-section-height-default elementor-section-height-default\" data-id=\"77dfea4\" data-element_type=\"section\" data-e-type=\"section\">\n\t\t\t\t\t\t<div class=\"elementor-container elementor-column-gap-default\">\n\t\t\t\t\t<div class=\"elementor-column elementor-col-100 elementor-top-column elementor-element elementor-element-a6ab4c9\" data-id=\"a6ab4c9\" data-element_type=\"column\" data-e-type=\"column\">\n\t\t\t<div class=\"elementor-widget-wrap elementor-element-populated\">\n\t\t\t\t\t\t<div class=\"elementor-element elementor-element-9dd14c2 elementor-widget elementor-widget-shortcode\" data-id=\"9dd14c2\" data-element_type=\"widget\" data-e-type=\"widget\" data-widget_type=\"shortcode.default\">\n\t\t\t\t<div class=\"elementor-widget-container\">\n\t\t\t\t\t\t\t<div class=\"elementor-shortcode\"><div class=\"wsp-container\"><h2 class=\"wsp-pages-title\">Pages<\/h2>\n<ul class=\"wsp-pages-list\">\n<li class=\"page_item page-item-2631\"><a href=\"https:\/\/www.traxelektronik.pl\/site\/en\/about-us\/\">About us<\/a><\/li>\n<li class=\"page_item page-item-1527\"><a href=\"https:\/\/www.traxelektronik.pl\/site\/aktualnosci\/\">Aktualno\u015bci<\/a><\/li>\n<li class=\"page_item page-item-2007\"><a href=\"https:\/\/www.traxelektronik.pl\/site\/certyfikaty\/\">Certyfikaty<\/a><\/li>\n<li class=\"page_item page-item-2636\"><a href=\"https:\/\/www.traxelektronik.pl\/site\/en\/contact\/\">Contact<\/a><\/li>\n<li class=\"page_item page-item-1349\"><a href=\"https:\/\/www.traxelektronik.pl\/site\/en\/home\/\">Home<\/a><\/li>\n<li class=\"page_item page-item-1742\"><a href=\"https:\/\/www.traxelektronik.pl\/site\/kontakt\/\">Kontakt<\/a><\/li>\n<li class=\"page_item page-item-2649\"><a href=\"https:\/\/www.traxelektronik.pl\/site\/mapa-strony\/\">Mapa strony<\/a><\/li>\n<li class=\"page_item page-item-1937\"><a href=\"https:\/\/www.traxelektronik.pl\/site\/nagrody\/\">Nagrody<\/a><\/li>\n<li class=\"page_item page-item-2612\"><a href=\"https:\/\/www.traxelektronik.pl\/site\/en\/news\/\">News<\/a><\/li>\n<li class=\"page_item page-item-1827\"><a href=\"https:\/\/www.traxelektronik.pl\/site\/newsletter\/\">Newsletter<\/a><\/li>\n<li class=\"page_item page-item-1736\"><a href=\"https:\/\/www.traxelektronik.pl\/site\/o-nas\/\">O nas<\/a><\/li>\n<li class=\"page_item page-item-1314 page_item_has_children\"><a href=\"https:\/\/www.traxelektronik.pl\/site\/oferta\/\">Oferta<\/a>\n<ul class='children'>\n\t<li class=\"page_item page-item-2755\"><a href=\"https:\/\/www.traxelektronik.pl\/site\/oferta\/czujnik-drogowy\/\">Czujnik drogowy<\/a><\/li>\n\t<li class=\"page_item page-item-2756\"><a href=\"https:\/\/www.traxelektronik.pl\/site\/oferta\/czujnik-opadu\/\">Czujnik opadu<\/a><\/li>\n\t<li class=\"page_item page-item-1492\"><a href=\"https:\/\/www.traxelektronik.pl\/site\/oferta\/czujniki-meteorologiczne\/\">Czujniki pomiarowe<\/a><\/li>\n\t<li class=\"page_item page-item-2769\"><a href=\"https:\/\/www.traxelektronik.pl\/site\/oferta\/drogowe-stacje-meteorologiczne\/\">Drogowe stacje meteorologiczne<\/a><\/li>\n\t<li class=\"page_item page-item-2749\"><a href=\"https:\/\/www.traxelektronik.pl\/site\/oferta\/kierunek-wiatru\/\">Kierunek wiatru<\/a><\/li>\n\t<li class=\"page_item page-item-2770\"><a href=\"https:\/\/www.traxelektronik.pl\/site\/oferta\/lesne-stacje-meteorologiczne\/\">Le\u015bne stacje meteorologiczne<\/a><\/li>\n\t<li class=\"page_item page-item-1498\"><a href=\"https:\/\/www.traxelektronik.pl\/site\/oferta\/monitoring-wizyjny\/\">Monitoring wizyjny<\/a><\/li>\n\t<li class=\"page_item page-item-2754\"><a href=\"https:\/\/www.traxelektronik.pl\/site\/oferta\/pretkosc-wiatru\/\">Pr\u0119dko\u015b\u0107 wiatru<\/a><\/li>\n\t<li class=\"page_item page-item-1502\"><a href=\"https:\/\/www.traxelektronik.pl\/site\/oferta\/projekty-opracowania\/\">Projekty, opracowania<\/a><\/li>\n\t<li class=\"page_item page-item-1494\"><a href=\"https:\/\/www.traxelektronik.pl\/site\/oferta\/stacja-klasyfikacji-pojazdow\/\">Stacja klasyfikacji pojazd\u00f3w<\/a><\/li>\n\t<li class=\"page_item page-item-1496\"><a href=\"https:\/\/www.traxelektronik.pl\/site\/oferta\/stacje-meteorologiczne\/\">Stacje meteorologiczne<\/a><\/li>\n\t<li class=\"page_item page-item-1500\"><a href=\"https:\/\/www.traxelektronik.pl\/site\/oferta\/system-zarzadzania-ruchem\/\">System zarz\u0105dzania ruchem<\/a><\/li>\n\t<li class=\"page_item page-item-1316\"><a href=\"https:\/\/www.traxelektronik.pl\/site\/oferta\/znaki-o-zmiennej-tresci\/\">Znaki o zmiennej tre\u015bci<\/a><\/li>\n<\/ul>\n<\/li>\n<li class=\"page_item page-item-2620\"><a href=\"https:\/\/www.traxelektronik.pl\/site\/en\/offer\/\">Offer<\/a><\/li>\n<li class=\"page_item page-item-2079\"><a href=\"https:\/\/www.traxelektronik.pl\/site\/publikacje\/\">Publikacje<\/a><\/li>\n<li class=\"page_item page-item-2024\"><a href=\"https:\/\/www.traxelektronik.pl\/site\/publikajce\/\">Publikajce<\/a><\/li>\n<li class=\"page_item page-item-2641\"><a href=\"https:\/\/www.traxelektronik.pl\/site\/en\/realisations\/\">Realisations<\/a><\/li>\n<li class=\"page_item page-item-1588\"><a href=\"https:\/\/www.traxelektronik.pl\/site\/realizacje\/\">Realizacje<\/a><\/li>\n<li class=\"page_item page-item-2654\"><a href=\"https:\/\/www.traxelektronik.pl\/site\/en\/site-map\/\">Site map<\/a><\/li>\n<li class=\"page_item page-item-1052\"><a href=\"https:\/\/www.traxelektronik.pl\/site\/\">Strona g\u0142\u00f3wna<\/a><\/li>\n<li class=\"page_item page-item-1351\"><a href=\"https:\/\/www.traxelektronik.pl\/site\/ru\/%d0%b4%d0%be%d0%bc\/\">\u0434\u043e\u043c<\/a><\/li>\n<\/ul>\n<\/div><\/div>\n\t\t\t\t\t\t<\/div>\n\t\t\t\t<\/div>\n\t\t\t\t\t<\/div>\n\t\t<\/div>\n\t\t\t\t\t<\/div>\n\t\t<\/section>\n\t\t\t\t<\/div>\n\t\t","protected":false},"excerpt":{"rendered":"<p>Mapa strony<\/p>\n","protected":false},"author":1,"featured_media":0,"parent":0,"menu_order":0,"comment_status":"closed","ping_status":"closed","template":"","meta":{"_acf_changed":false,"_kad_post_transparent":"","_kad_post_title":"hide","_kad_post_layout":"fullwidth","_kad_post_sidebar_id":"","_kad_post_content_style":"unboxed","_kad_post_vertical_padding":"hide","_kad_post_feature":"hide","_kad_post_feature_position":"","_kad_post_header":false,"_kad_post_footer":false,"_kad_post_classname":"","footnotes":""},"class_list":["post-2649","page","type-page","status-publish","hentry"],"acf":[],"_links":{"self":[{"href":"https:\/\/www.traxelektronik.pl\/site\/wp-json\/wp\/v2\/pages\/2649","targetHints":{"allow":["GET"]}}],"collection":[{"href":"https:\/\/www.traxelektronik.pl\/site\/wp-json\/wp\/v2\/pages"}],"about":[{"href":"https:\/\/www.traxelektronik.pl\/site\/wp-json\/wp\/v2\/types\/page"}],"author":[{"embeddable":true,"href":"https:\/\/www.traxelektronik.pl\/site\/wp-json\/wp\/v2\/users\/1"}],"replies":[{"embeddable":true,"href":"https:\/\/www.traxelektronik.pl\/site\/wp-json\/wp\/v2\/comments?post=2649"}],"version-history":[{"count":7,"href":"https:\/\/www.traxelektronik.pl\/site\/wp-json\/wp\/v2\/pages\/2649\/revisions"}],"predecessor-version":[{"id":2664,"href":"https:\/\/www.traxelektronik.pl\/site\/wp-json\/wp\/v2\/pages\/2649\/revisions\/2664"}],"wp:attachment":[{"href":"https:\/\/www.traxelektronik.pl\/site\/wp-json\/wp\/v2\/media?parent=2649"}],"curies":[{"name":"wp","href":"https:\/\/api.w.org\/{rel}","templated":true}]}}