{"id":1742,"date":"2023-04-05T11:32:57","date_gmt":"2023-04-05T11:32:57","guid":{"rendered":"http:\/\/194.99.20.79:8981\/?page_id=1742"},"modified":"2025-02-06T11:02:00","modified_gmt":"2025-02-06T10:02:00","slug":"kontakt","status":"publish","type":"page","link":"https:\/\/www.traxelektronik.pl\/site\/kontakt\/","title":{"rendered":"Kontakt"},"content":{"rendered":"\t\t<div data-elementor-type=\"wp-page\" data-elementor-id=\"1742\" class=\"elementor elementor-1742\">\n\t\t\t\t\t\t<section class=\"elementor-section elementor-top-section elementor-element elementor-element-fbfbf14 elementor-section-boxed elementor-section-height-default elementor-section-height-default\" data-id=\"fbfbf14\" data-element_type=\"section\" data-e-type=\"section\" data-settings=\"{&quot;background_background&quot;:&quot;classic&quot;}\">\n\t\t\t\t\t\t<div class=\"elementor-container elementor-column-gap-default\">\n\t\t\t\t\t<div class=\"elementor-column elementor-col-100 elementor-top-column elementor-element elementor-element-a2ea5eb\" data-id=\"a2ea5eb\" data-element_type=\"column\" data-e-type=\"column\">\n\t\t\t<div class=\"elementor-widget-wrap elementor-element-populated\">\n\t\t\t\t\t\t<div class=\"elementor-element elementor-element-347e977 elementor-widget elementor-widget-heading\" data-id=\"347e977\" data-element_type=\"widget\" data-e-type=\"widget\" data-widget_type=\"heading.default\">\n\t\t\t\t<div class=\"elementor-widget-container\">\n\t\t\t\t\t<h1 class=\"elementor-heading-title elementor-size-default\">Kontakt<\/h1>\t\t\t\t<\/div>\n\t\t\t\t<\/div>\n\t\t\t\t\t<\/div>\n\t\t<\/div>\n\t\t\t\t\t<\/div>\n\t\t<\/section>\n\t\t\t\t<section class=\"elementor-section elementor-top-section elementor-element elementor-element-d9f69ec elementor-section-boxed elementor-section-height-default elementor-section-height-default\" data-id=\"d9f69ec\" data-element_type=\"section\" data-e-type=\"section\">\n\t\t\t\t\t\t<div class=\"elementor-container elementor-column-gap-default\">\n\t\t\t\t\t<div class=\"elementor-column elementor-col-100 elementor-top-column elementor-element elementor-element-0ed2af5\" data-id=\"0ed2af5\" data-element_type=\"column\" data-e-type=\"column\">\n\t\t\t<div class=\"elementor-widget-wrap elementor-element-populated\">\n\t\t\t\t\t\t<div class=\"elementor-element elementor-element-1f21bf2 elementor-widget elementor-widget-shortcode\" data-id=\"1f21bf2\" data-element_type=\"widget\" data-e-type=\"widget\" data-widget_type=\"shortcode.default\">\n\t\t\t\t<div class=\"elementor-widget-container\">\n\t\t\t\t\t\t\t<div class=\"elementor-shortcode\">\t\t\t<!-- Flexy Breadcrumb -->\r\n\t\t\t<div class=\"fbc fbc-page\">\r\n\r\n\t\t\t\t<!-- Breadcrumb wrapper -->\r\n\t\t\t\t<div class=\"fbc-wrap\">\r\n\r\n\t\t\t\t\t<!-- Ordered list-->\r\n\t\t\t\t\t<ol class=\"fbc-items\" itemscope itemtype=\"https:\/\/schema.org\/BreadcrumbList\">\r\n\t\t\t\t\t\t            <li itemprop=\"itemListElement\" itemscope itemtype=\"https:\/\/schema.org\/ListItem\">\r\n                <span itemprop=\"name\">\r\n                    <!-- Home Link -->\r\n                    <a itemprop=\"item\" href=\"https:\/\/www.traxelektronik.pl\/site\">\r\n                    \r\n                                                    <i class=\"fa fa-home\" aria-hidden=\"true\"><\/i>                    <\/a>\r\n                <\/span>\r\n                <meta itemprop=\"position\" content=\"1\" \/><!-- Meta Position-->\r\n             <\/li><li><span class=\"fbc-separator\">\/<\/span><\/li><li class=\"active\" itemprop=\"itemListElement\" itemscope itemtype=\"https:\/\/schema.org\/ListItem\"><span itemprop=\"name\" title=\"Kontakt\">Kontakt<\/span><meta itemprop=\"position\" content=\"2\" \/><\/li>\t\t\t\t\t<\/ol>\r\n\t\t\t\t\t<div class=\"clearfix\"><\/div>\r\n\t\t\t\t<\/div>\r\n\t\t\t<\/div>\r\n\t\t\t<\/div>\n\t\t\t\t\t\t<\/div>\n\t\t\t\t<\/div>\n\t\t\t\t\t<\/div>\n\t\t<\/div>\n\t\t\t\t\t<\/div>\n\t\t<\/section>\n\t\t\t\t<section class=\"elementor-section elementor-top-section elementor-element elementor-element-dd5b97e elementor-section-boxed elementor-section-height-default elementor-section-height-default\" data-id=\"dd5b97e\" data-element_type=\"section\" data-e-type=\"section\">\n\t\t\t\t\t\t<div class=\"elementor-container elementor-column-gap-default\">\n\t\t\t\t\t<div class=\"elementor-column elementor-col-100 elementor-top-column elementor-element elementor-element-2e39df1\" data-id=\"2e39df1\" data-element_type=\"column\" data-e-type=\"column\">\n\t\t\t<div class=\"elementor-widget-wrap elementor-element-populated\">\n\t\t\t\t\t\t<div class=\"elementor-element elementor-element-c25e285 elementor-widget elementor-widget-heading\" data-id=\"c25e285\" data-element_type=\"widget\" data-e-type=\"widget\" data-widget_type=\"heading.default\">\n\t\t\t\t<div class=\"elementor-widget-container\">\n\t\t\t\t\t<h3 class=\"elementor-heading-title elementor-size-default\">Dane kontaktowe i informacje<\/h3>\t\t\t\t<\/div>\n\t\t\t\t<\/div>\n\t\t\t\t\t<\/div>\n\t\t<\/div>\n\t\t\t\t\t<\/div>\n\t\t<\/section>\n\t\t\t\t<section class=\"elementor-section elementor-top-section elementor-element elementor-element-d8d3130 elementor-section-boxed elementor-section-height-default elementor-section-height-default\" data-id=\"d8d3130\" data-element_type=\"section\" data-e-type=\"section\">\n\t\t\t\t\t\t<div class=\"elementor-container elementor-column-gap-default\">\n\t\t\t\t\t<div class=\"elementor-column elementor-col-100 elementor-top-column elementor-element elementor-element-2a5e706\" data-id=\"2a5e706\" data-element_type=\"column\" data-e-type=\"column\">\n\t\t\t<div class=\"elementor-widget-wrap elementor-element-populated\">\n\t\t\t\t\t\t<section class=\"elementor-section elementor-inner-section elementor-element elementor-element-26287fd elementor-section-boxed elementor-section-height-default elementor-section-height-default\" data-id=\"26287fd\" data-element_type=\"section\" data-e-type=\"section\">\n\t\t\t\t\t\t<div class=\"elementor-container elementor-column-gap-default\">\n\t\t\t\t\t<div class=\"elementor-column elementor-col-50 elementor-inner-column elementor-element elementor-element-8daa4fa\" data-id=\"8daa4fa\" data-element_type=\"column\" data-e-type=\"column\">\n\t\t\t<div class=\"elementor-widget-wrap elementor-element-populated\">\n\t\t\t\t\t\t<div class=\"elementor-element elementor-element-b34e268 elementor-widget__width-initial elementor-widget elementor-widget-text-editor\" data-id=\"b34e268\" data-element_type=\"widget\" data-e-type=\"widget\" data-widget_type=\"text-editor.default\">\n\t\t\t\t<div class=\"elementor-widget-container\">\n\t\t\t\t\t\t\t\t\t<p><b>DANE FIRMY:<\/b><\/p><p>TRAX elektronik A.Moryc, M.Tomecki, M. Peter &#8211; Turczy\u0144ska, sp.j. ul.Ks.Truszkowskiego 54, 31-352 Krak\u00f3w,<br \/>tel\/fax +48 12 626 49 03, 626 49 04<\/p><p><strong>e-mail<\/strong>: <a href=\"mailto:trax@traxelektronik.pl\">trax@traxelektronik.pl<\/a><\/p><div><strong>NIP<\/strong> 677 10 05 317<\/div><div><strong>Regon<\/strong> 350676918<\/div><div><strong>KRS <\/strong>0000291637<\/div><div>\u00a0<\/div><div><strong>Rachunek bankowy<\/strong><br \/><strong>Santander Bank Polska S. A.<\/strong><br \/><strong>Nr<\/strong>: 58 1090 2053 0000 0001 1562 7050<\/div><div>\u00a0<\/div><p><b>ADRES NOWEJ SIEDZIBY FIRMY:<\/b><\/p><p>TRAX elektronik, Osiedle Szkolne 11, 32-085 Giebu\u0142t\u00f3w<\/p><p><a href=\"https:\/\/maps.app.goo.gl\/hi6b2AuSZaJBZpYE9\" target=\"_blank\" rel=\"noopener\">LOKALIZACJA<\/a><\/p><p><strong>\u00a0<\/strong><\/p>\t\t\t\t\t\t\t\t<\/div>\n\t\t\t\t<\/div>\n\t\t\t\t\t<\/div>\n\t\t<\/div>\n\t\t\t\t<div class=\"elementor-column elementor-col-50 elementor-inner-column elementor-element elementor-element-5e8e775\" data-id=\"5e8e775\" data-element_type=\"column\" data-e-type=\"column\">\n\t\t\t<div class=\"elementor-widget-wrap elementor-element-populated\">\n\t\t\t\t\t\t<div class=\"elementor-element elementor-element-c6a2865 elementor-widget elementor-widget-text-editor\" data-id=\"c6a2865\" data-element_type=\"widget\" data-e-type=\"widget\" data-widget_type=\"text-editor.default\">\n\t\t\t\t<div class=\"elementor-widget-container\">\n\t\t\t\t\t\t\t\t\t<h4><b>DZIA\u0141 POMOCY TECHNICZNEJ<br \/>ZG\u0141OSZENIA AWARII<br \/>POMOC ZDALNA<\/b><\/h4>\t\t\t\t\t\t\t\t<\/div>\n\t\t\t\t<\/div>\n\t\t\t\t<div class=\"elementor-element elementor-element-1a6e72e elementor-widget elementor-widget-text-editor\" data-id=\"1a6e72e\" data-element_type=\"widget\" data-e-type=\"widget\" data-widget_type=\"text-editor.default\">\n\t\t\t\t<div class=\"elementor-widget-container\">\n\t\t\t\t\t\t\t\t\t<p><strong>tel.<\/strong><a href=\"tel:+48502309536\">+ 48 501 259<\/a><a href=\"tel:+48502309536\"> 859<\/a><br \/><strong>e-mail:<\/strong> <a href=\"mailto:serwis@traxelektronik.pl\">serwis@traxelektronik.pl<\/a><\/p>\t\t\t\t\t\t\t\t<\/div>\n\t\t\t\t<\/div>\n\t\t\t\t<div class=\"elementor-element elementor-element-0b2dd00 elementor-widget elementor-widget-heading\" data-id=\"0b2dd00\" data-element_type=\"widget\" data-e-type=\"widget\" data-widget_type=\"heading.default\">\n\t\t\t\t<div class=\"elementor-widget-container\">\n\t\t\t\t\t<h3 class=\"elementor-heading-title elementor-size-default\"><h4><b>DZIA\u0141 SPRZEDA\u017bY<\/b><\/h4>\n<\/h3>\t\t\t\t<\/div>\n\t\t\t\t<\/div>\n\t\t\t\t<div class=\"elementor-element elementor-element-1293779 elementor-widget elementor-widget-text-editor\" data-id=\"1293779\" data-element_type=\"widget\" data-e-type=\"widget\" data-widget_type=\"text-editor.default\">\n\t\t\t\t<div class=\"elementor-widget-container\">\n\t\t\t\t\t\t\t\t\t<p><strong>tel.<\/strong><a href=\"tel:+48502309536\">+ 48 502 309<\/a><a href=\"tel:+48502309536\"> 536<\/a><br \/><strong>e-mail:<\/strong> <a href=\"mailto:oferty@traxelektronik.pl\">oferty@traxelektronik.pl<\/a><\/p>\t\t\t\t\t\t\t\t<\/div>\n\t\t\t\t<\/div>\n\t\t\t\t\t<\/div>\n\t\t<\/div>\n\t\t\t\t\t<\/div>\n\t\t<\/section>\n\t\t\t\t<section class=\"elementor-section elementor-inner-section elementor-element elementor-element-24d8903 elementor-section-boxed elementor-section-height-default elementor-section-height-default\" data-id=\"24d8903\" data-element_type=\"section\" data-e-type=\"section\">\n\t\t\t\t\t\t<div class=\"elementor-container elementor-column-gap-default\">\n\t\t\t\t\t<div class=\"elementor-column elementor-col-50 elementor-inner-column elementor-element elementor-element-e4bd180\" data-id=\"e4bd180\" data-element_type=\"column\" data-e-type=\"column\">\n\t\t\t<div class=\"elementor-widget-wrap elementor-element-populated\">\n\t\t\t\t\t\t\t<\/div>\n\t\t<\/div>\n\t\t\t\t<div class=\"elementor-column elementor-col-50 elementor-inner-column elementor-element elementor-element-c8fd817\" data-id=\"c8fd817\" data-element_type=\"column\" data-e-type=\"column\">\n\t\t\t<div class=\"elementor-widget-wrap\">\n\t\t\t\t\t\t\t<\/div>\n\t\t<\/div>\n\t\t\t\t\t<\/div>\n\t\t<\/section>\n\t\t\t\t<div class=\"elementor-element elementor-element-e13e212 elementor-widget elementor-widget-spacer\" data-id=\"e13e212\" data-element_type=\"widget\" data-e-type=\"widget\" data-widget_type=\"spacer.default\">\n\t\t\t\t<div class=\"elementor-widget-container\">\n\t\t\t\t\t\t\t<div class=\"elementor-spacer\">\n\t\t\t<div class=\"elementor-spacer-inner\"><\/div>\n\t\t<\/div>\n\t\t\t\t\t\t<\/div>\n\t\t\t\t<\/div>\n\t\t\t\t<div class=\"elementor-element elementor-element-78dc116 elementor-widget elementor-widget-spacer\" data-id=\"78dc116\" data-element_type=\"widget\" data-e-type=\"widget\" data-widget_type=\"spacer.default\">\n\t\t\t\t<div class=\"elementor-widget-container\">\n\t\t\t\t\t\t\t<div class=\"elementor-spacer\">\n\t\t\t<div class=\"elementor-spacer-inner\"><\/div>\n\t\t<\/div>\n\t\t\t\t\t\t<\/div>\n\t\t\t\t<\/div>\n\t\t\t\t<div class=\"elementor-element elementor-element-00ad6ed elementor-widget elementor-widget-text-editor\" data-id=\"00ad6ed\" data-element_type=\"widget\" data-e-type=\"widget\" data-widget_type=\"text-editor.default\">\n\t\t\t\t<div class=\"elementor-widget-container\">\n\t\t\t\t\t\t\t\t\t<p>Firma TRAX elektronik A. Moryc, M. Tomecki, M. Peter &#8211; Turczy\u0144ska sp. j. jako Administrator Danych Osobowych przetwarza dane osobowe zgodnie z Rozporz\u0105dzeniem Parlamentu Europejskiego i Rady (UE) 2016\/679 z dnia 27 kwietnia 2016 r. w celu przesy\u0142ania aktualnych informacji handlowych i procesowaniem um\u00f3w (na podstawie art. 6, ust. 1, lit. b) RODO) oraz w celu przesy\u0142ania aktualnych informacji marketingowych (na podstawie art. 6, ust. 1, lit. f) RODO). W przypadku informacji handlowych dane osobowe b\u0119d\u0105 przetwarzane przez okres obowi\u0105zywania umowy oraz okres przedawnienia roszcze\u0144. Je\u015bli umowa nie zosta\u0142a zawarta oraz w przypadku informacji marketingowych dane b\u0119d\u0105 przetwarzane do czasu wniesienia sprzeciwu. Powierzane dane osobowe mog\u0105 by\u0107 przekazywane naszym zaufanym partnerom w celu zapewnienia odpowiedniej jako\u015bci przesy\u0142anych tre\u015bci. W ka\u017cdej chwili powierzaj\u0105cy dane osobowe ma prawo dost\u0119pu do swoich danych , sprostowania ich, usuni\u0119cia lub ograniczenia ich przetwarzania, wniesienia skargi do organu nadzorczego (Prezes UODO), a tak\u017ce do przeniesienia ich do innego administratora. W celu skorzystania z praw wynikaj\u0105cych z powierzenia danych, prosimy o kontakt mailowy na adres <a href=\"mailto:trax@traxelektronik.pl\">trax@traxelektronik.pl<\/a><\/p>\t\t\t\t\t\t\t\t<\/div>\n\t\t\t\t<\/div>\n\t\t\t\t\t<\/div>\n\t\t<\/div>\n\t\t\t\t\t<\/div>\n\t\t<\/section>\n\t\t\t\t<\/div>\n\t\t","protected":false},"excerpt":{"rendered":"<p>Kontakt Dane kontaktowe i informacje DANE FIRMY: TRAX elektronik A.Moryc, M.Tomecki, M. Peter &#8211; Turczy\u0144ska, sp.j. ul.Ks.Truszkowskiego 54, 31-352 Krak\u00f3w,tel\/fax +48 12 626 49 03, 626 49 04 e-mail: trax@traxelektronik.pl NIP 677 10 05 317Regon 350676918KRS 0000291637\u00a0Rachunek bankowySantander Bank Polska S. A.Nr: 58 1090 2053 0000 0001 1562 7050\u00a0 ADRES NOWEJ SIEDZIBY FIRMY: TRAX elektronik,&#8230;<\/p>\n","protected":false},"author":1,"featured_media":0,"parent":0,"menu_order":0,"comment_status":"closed","ping_status":"closed","template":"","meta":{"_acf_changed":false,"_kad_post_transparent":"","_kad_post_title":"hide","_kad_post_layout":"fullwidth","_kad_post_sidebar_id":"","_kad_post_content_style":"unboxed","_kad_post_vertical_padding":"hide","_kad_post_feature":"hide","_kad_post_feature_position":"","_kad_post_header":false,"_kad_post_footer":false,"_kad_post_classname":"","footnotes":""},"class_list":["post-1742","page","type-page","status-publish","hentry"],"acf":[],"_links":{"self":[{"href":"https:\/\/www.traxelektronik.pl\/site\/wp-json\/wp\/v2\/pages\/1742","targetHints":{"allow":["GET"]}}],"collection":[{"href":"https:\/\/www.traxelektronik.pl\/site\/wp-json\/wp\/v2\/pages"}],"about":[{"href":"https:\/\/www.traxelektronik.pl\/site\/wp-json\/wp\/v2\/types\/page"}],"author":[{"embeddable":true,"href":"https:\/\/www.traxelektronik.pl\/site\/wp-json\/wp\/v2\/users\/1"}],"replies":[{"embeddable":true,"href":"https:\/\/www.traxelektronik.pl\/site\/wp-json\/wp\/v2\/comments?post=1742"}],"version-history":[{"count":106,"href":"https:\/\/www.traxelektronik.pl\/site\/wp-json\/wp\/v2\/pages\/1742\/revisions"}],"predecessor-version":[{"id":3322,"href":"https:\/\/www.traxelektronik.pl\/site\/wp-json\/wp\/v2\/pages\/1742\/revisions\/3322"}],"wp:attachment":[{"href":"https:\/\/www.traxelektronik.pl\/site\/wp-json\/wp\/v2\/media?parent=1742"}],"curies":[{"name":"wp","href":"https:\/\/api.w.org\/{rel}","templated":true}]}}