{"id":1736,"date":"2023-04-05T11:31:30","date_gmt":"2023-04-05T11:31:30","guid":{"rendered":"http:\/\/194.99.20.79:8981\/?page_id=1736"},"modified":"2023-04-17T10:18:23","modified_gmt":"2023-04-17T08:18:23","slug":"o-nas","status":"publish","type":"page","link":"https:\/\/www.traxelektronik.pl\/site\/o-nas\/","title":{"rendered":"O nas"},"content":{"rendered":"\t\t<div data-elementor-type=\"wp-page\" data-elementor-id=\"1736\" class=\"elementor elementor-1736\">\n\t\t\t\t\t\t<section class=\"elementor-section elementor-top-section elementor-element elementor-element-fbfbf14 elementor-section-boxed elementor-section-height-default elementor-section-height-default\" data-id=\"fbfbf14\" data-element_type=\"section\" data-e-type=\"section\" data-settings=\"{&quot;background_background&quot;:&quot;classic&quot;}\">\n\t\t\t\t\t\t<div class=\"elementor-container elementor-column-gap-default\">\n\t\t\t\t\t<div class=\"elementor-column elementor-col-100 elementor-top-column elementor-element elementor-element-a2ea5eb\" data-id=\"a2ea5eb\" data-element_type=\"column\" data-e-type=\"column\">\n\t\t\t<div class=\"elementor-widget-wrap elementor-element-populated\">\n\t\t\t\t\t\t<div class=\"elementor-element elementor-element-347e977 elementor-widget elementor-widget-heading\" data-id=\"347e977\" data-element_type=\"widget\" data-e-type=\"widget\" data-widget_type=\"heading.default\">\n\t\t\t\t<div class=\"elementor-widget-container\">\n\t\t\t\t\t<h1 class=\"elementor-heading-title elementor-size-default\">O nas<\/h1>\t\t\t\t<\/div>\n\t\t\t\t<\/div>\n\t\t\t\t\t<\/div>\n\t\t<\/div>\n\t\t\t\t\t<\/div>\n\t\t<\/section>\n\t\t\t\t<section class=\"elementor-section elementor-top-section elementor-element elementor-element-d9f69ec elementor-section-boxed elementor-section-height-default elementor-section-height-default\" data-id=\"d9f69ec\" data-element_type=\"section\" data-e-type=\"section\">\n\t\t\t\t\t\t<div class=\"elementor-container elementor-column-gap-default\">\n\t\t\t\t\t<div class=\"elementor-column elementor-col-100 elementor-top-column elementor-element elementor-element-0ed2af5\" data-id=\"0ed2af5\" data-element_type=\"column\" data-e-type=\"column\">\n\t\t\t<div class=\"elementor-widget-wrap elementor-element-populated\">\n\t\t\t\t\t\t<div class=\"elementor-element elementor-element-1f21bf2 elementor-widget elementor-widget-shortcode\" data-id=\"1f21bf2\" data-element_type=\"widget\" data-e-type=\"widget\" data-widget_type=\"shortcode.default\">\n\t\t\t\t<div class=\"elementor-widget-container\">\n\t\t\t\t\t\t\t<div class=\"elementor-shortcode\">\t\t\t<!-- Flexy Breadcrumb -->\r\n\t\t\t<div class=\"fbc fbc-page\">\r\n\r\n\t\t\t\t<!-- Breadcrumb wrapper -->\r\n\t\t\t\t<div class=\"fbc-wrap\">\r\n\r\n\t\t\t\t\t<!-- Ordered list-->\r\n\t\t\t\t\t<ol class=\"fbc-items\" itemscope itemtype=\"https:\/\/schema.org\/BreadcrumbList\">\r\n\t\t\t\t\t\t            <li itemprop=\"itemListElement\" itemscope itemtype=\"https:\/\/schema.org\/ListItem\">\r\n                <span itemprop=\"name\">\r\n                    <!-- Home Link -->\r\n                    <a itemprop=\"item\" href=\"https:\/\/www.traxelektronik.pl\/site\">\r\n                    \r\n                                                    <i class=\"fa fa-home\" aria-hidden=\"true\"><\/i>                    <\/a>\r\n                <\/span>\r\n                <meta itemprop=\"position\" content=\"1\" \/><!-- Meta Position-->\r\n             <\/li><li><span class=\"fbc-separator\">\/<\/span><\/li><li class=\"active\" itemprop=\"itemListElement\" itemscope itemtype=\"https:\/\/schema.org\/ListItem\"><span itemprop=\"name\" title=\"O nas\">O nas<\/span><meta itemprop=\"position\" content=\"2\" \/><\/li>\t\t\t\t\t<\/ol>\r\n\t\t\t\t\t<div class=\"clearfix\"><\/div>\r\n\t\t\t\t<\/div>\r\n\t\t\t<\/div>\r\n\t\t\t<\/div>\n\t\t\t\t\t\t<\/div>\n\t\t\t\t<\/div>\n\t\t\t\t\t<\/div>\n\t\t<\/div>\n\t\t\t\t\t<\/div>\n\t\t<\/section>\n\t\t\t\t<section class=\"elementor-section elementor-top-section elementor-element elementor-element-dd5b97e elementor-section-boxed elementor-section-height-default elementor-section-height-default\" data-id=\"dd5b97e\" data-element_type=\"section\" data-e-type=\"section\">\n\t\t\t\t\t\t<div class=\"elementor-container elementor-column-gap-default\">\n\t\t\t\t\t<div class=\"elementor-column elementor-col-100 elementor-top-column elementor-element elementor-element-2e39df1\" data-id=\"2e39df1\" data-element_type=\"column\" data-e-type=\"column\">\n\t\t\t<div class=\"elementor-widget-wrap elementor-element-populated\">\n\t\t\t\t\t\t<div class=\"elementor-element elementor-element-c25e285 elementor-widget elementor-widget-heading\" data-id=\"c25e285\" data-element_type=\"widget\" data-e-type=\"widget\" data-widget_type=\"heading.default\">\n\t\t\t\t<div class=\"elementor-widget-container\">\n\t\t\t\t\t<h3 class=\"elementor-heading-title elementor-size-default\">Ponad 30 lat do\u015bwiadczenia<\/h3>\t\t\t\t<\/div>\n\t\t\t\t<\/div>\n\t\t\t\t\t<\/div>\n\t\t<\/div>\n\t\t\t\t\t<\/div>\n\t\t<\/section>\n\t\t\t\t<section class=\"elementor-section elementor-top-section elementor-element elementor-element-d8d3130 elementor-section-boxed elementor-section-height-default elementor-section-height-default\" data-id=\"d8d3130\" data-element_type=\"section\" data-e-type=\"section\">\n\t\t\t\t\t\t<div class=\"elementor-container elementor-column-gap-default\">\n\t\t\t\t\t<div class=\"elementor-column elementor-col-100 elementor-top-column elementor-element elementor-element-2a5e706\" data-id=\"2a5e706\" data-element_type=\"column\" data-e-type=\"column\">\n\t\t\t<div class=\"elementor-widget-wrap elementor-element-populated\">\n\t\t\t\t\t\t<div class=\"elementor-element elementor-element-06c6780 elementor-widget elementor-widget-text-editor\" data-id=\"06c6780\" data-element_type=\"widget\" data-e-type=\"widget\" data-widget_type=\"text-editor.default\">\n\t\t\t\t<div class=\"elementor-widget-container\">\n\t\t\t\t\t\t\t\t\t<p>Firma TRAX elektronik istnieje od 1991 roku. Zajmujemy si\u0119 projektowaniem, produkcj\u0105 i instalacj\u0105 automatycznych system\u00f3w pomiarowych i steruj\u0105cych. Nasz\u0105 dewiz\u0105 jest do\u015bwiadczenie.<\/p><p>W naszej ofercie znajduj\u0105 si\u0119 m.in.:<\/p><ul><li>czujniki pomiarowe, rejestratory, sterowniki<\/li><li>stacje meteorologiczne i hydrologiczne<\/li><li>drogowe stacje pogodowe<\/li><li>znaki i tablice o zmiennej tre\u015bci<\/li><li>systemy wizyjne, kamery<\/li><li>urz\u0105dzenia pomiaru ruchu drogowego<\/li><li>klasyfikatory<\/li><li>oprogramowanie komputerowe<\/li><li>centra dyspozytorskie i serwerownie<\/li><li>systemy os\u0142ony meteorologicznej<\/li><li>systemy zarz\u0105dzania ruchem<\/li><li>systemy ostrzegania po\u017carowego i powodziowego<\/li><\/ul><p>Oferujemy kompleksow\u0105 realizacj\u0119 kontrakt\u00f3w; od projektowania, poprzez produkcj\u0119 i instalacj\u0119 w terenie do obs\u0142ugi gwarancyjnej i pogwarancyjnej.<\/p><p>Jeste\u015bmy jedyn\u0105 firm\u0105 w Polsce produkuj\u0105c\u0105 znaki o zmiennej tre\u015bci. Posiadamy certyfikat jako\u015bci ISO 9001 oraz certyfikat zgodno\u015bci WE na tablice i znaki o zmiennej tre\u015bci (PN-EN 12966).<\/p>\t\t\t\t\t\t\t\t<\/div>\n\t\t\t\t<\/div>\n\t\t\t\t\t<\/div>\n\t\t<\/div>\n\t\t\t\t\t<\/div>\n\t\t<\/section>\n\t\t\t\t<\/div>\n\t\t","protected":false},"excerpt":{"rendered":"<p>O nas Ponad 30 lat do\u015bwiadczenia Firma TRAX elektronik istnieje od 1991 roku. Zajmujemy si\u0119 projektowaniem, produkcj\u0105 i instalacj\u0105 automatycznych system\u00f3w pomiarowych i steruj\u0105cych. Nasz\u0105 dewiz\u0105 jest do\u015bwiadczenie. W naszej ofercie znajduj\u0105 si\u0119 m.in.: czujniki pomiarowe, rejestratory, sterowniki stacje meteorologiczne i hydrologiczne drogowe stacje pogodowe znaki i tablice o zmiennej tre\u015bci systemy wizyjne, kamery urz\u0105dzenia&#8230;<\/p>\n","protected":false},"author":1,"featured_media":0,"parent":0,"menu_order":0,"comment_status":"closed","ping_status":"closed","template":"","meta":{"_acf_changed":false,"_kad_post_transparent":"","_kad_post_title":"hide","_kad_post_layout":"fullwidth","_kad_post_sidebar_id":"","_kad_post_content_style":"unboxed","_kad_post_vertical_padding":"hide","_kad_post_feature":"hide","_kad_post_feature_position":"","_kad_post_header":false,"_kad_post_footer":false,"_kad_post_classname":"","footnotes":""},"class_list":["post-1736","page","type-page","status-publish","hentry"],"acf":[],"_links":{"self":[{"href":"https:\/\/www.traxelektronik.pl\/site\/wp-json\/wp\/v2\/pages\/1736","targetHints":{"allow":["GET"]}}],"collection":[{"href":"https:\/\/www.traxelektronik.pl\/site\/wp-json\/wp\/v2\/pages"}],"about":[{"href":"https:\/\/www.traxelektronik.pl\/site\/wp-json\/wp\/v2\/types\/page"}],"author":[{"embeddable":true,"href":"https:\/\/www.traxelektronik.pl\/site\/wp-json\/wp\/v2\/users\/1"}],"replies":[{"embeddable":true,"href":"https:\/\/www.traxelektronik.pl\/site\/wp-json\/wp\/v2\/comments?post=1736"}],"version-history":[{"count":7,"href":"https:\/\/www.traxelektronik.pl\/site\/wp-json\/wp\/v2\/pages\/1736\/revisions"}],"predecessor-version":[{"id":1848,"href":"https:\/\/www.traxelektronik.pl\/site\/wp-json\/wp\/v2\/pages\/1736\/revisions\/1848"}],"wp:attachment":[{"href":"https:\/\/www.traxelektronik.pl\/site\/wp-json\/wp\/v2\/media?parent=1736"}],"curies":[{"name":"wp","href":"https:\/\/api.w.org\/{rel}","templated":true}]}}