{"id":1502,"date":"2023-04-04T08:35:35","date_gmt":"2023-04-04T08:35:35","guid":{"rendered":"http:\/\/194.99.20.79:8981\/?page_id=1502"},"modified":"2023-07-13T14:28:44","modified_gmt":"2023-07-13T12:28:44","slug":"projekty-opracowania","status":"publish","type":"page","link":"https:\/\/www.traxelektronik.pl\/site\/oferta\/projekty-opracowania\/","title":{"rendered":"Projekty, opracowania"},"content":{"rendered":"\n<p>Zajmujemy si\u0119 kompleksowym projektowaniem System\u00f3w Zarz\u0105dzania Ruchem. Przygotowujemy koncepcje, projekty budowlane oraz projekty wykonawcze, w tym opracowania przedmiar\u00f3w rob\u00f3t, specyfikacji, uzgodnienia robocze. Zajmujemy si\u0119 projektowaniem i wykonaniem centr\u00f3w dyspozytorskich, serwerowni, \u015bcian wizyjnych.<\/p>\n","protected":false},"excerpt":{"rendered":"<p>Zajmujemy si\u0119 kompleksowym projektowaniem System\u00f3w Zarz\u0105dzania Ruchem. Przygotowujemy koncepcje, projekty budowlane oraz projekty wykonawcze, w tym opracowania przedmiar\u00f3w rob\u00f3t, specyfikacji, uzgodnienia robocze. Zajmujemy si\u0119 projektowaniem i wykonaniem centr\u00f3w dyspozytorskich, serwerowni, \u015bcian wizyjnych.<\/p>\n","protected":false},"author":1,"featured_media":0,"parent":1314,"menu_order":0,"comment_status":"closed","ping_status":"closed","template":"offer_page_template.php","meta":{"_acf_changed":false,"_kad_post_transparent":"","_kad_post_title":"","_kad_post_layout":"","_kad_post_sidebar_id":"","_kad_post_content_style":"","_kad_post_vertical_padding":"","_kad_post_feature":"","_kad_post_feature_position":"","_kad_post_header":false,"_kad_post_footer":false,"_kad_post_classname":"","footnotes":""},"class_list":["post-1502","page","type-page","status-publish","hentry"],"acf":[],"_links":{"self":[{"href":"https:\/\/www.traxelektronik.pl\/site\/wp-json\/wp\/v2\/pages\/1502","targetHints":{"allow":["GET"]}}],"collection":[{"href":"https:\/\/www.traxelektronik.pl\/site\/wp-json\/wp\/v2\/pages"}],"about":[{"href":"https:\/\/www.traxelektronik.pl\/site\/wp-json\/wp\/v2\/types\/page"}],"author":[{"embeddable":true,"href":"https:\/\/www.traxelektronik.pl\/site\/wp-json\/wp\/v2\/users\/1"}],"replies":[{"embeddable":true,"href":"https:\/\/www.traxelektronik.pl\/site\/wp-json\/wp\/v2\/comments?post=1502"}],"version-history":[{"count":8,"href":"https:\/\/www.traxelektronik.pl\/site\/wp-json\/wp\/v2\/pages\/1502\/revisions"}],"predecessor-version":[{"id":2847,"href":"https:\/\/www.traxelektronik.pl\/site\/wp-json\/wp\/v2\/pages\/1502\/revisions\/2847"}],"up":[{"embeddable":true,"href":"https:\/\/www.traxelektronik.pl\/site\/wp-json\/wp\/v2\/pages\/1314"}],"wp:attachment":[{"href":"https:\/\/www.traxelektronik.pl\/site\/wp-json\/wp\/v2\/media?parent=1502"}],"curies":[{"name":"wp","href":"https:\/\/api.w.org\/{rel}","templated":true}]}}